{"id":100,"date":"2018-07-18T18:12:39","date_gmt":"2018-07-18T18:12:39","guid":{"rendered":"http:\/\/mueblesjardinyterraza.com\/?page_id=100"},"modified":"2024-06-09T11:08:04","modified_gmt":"2024-06-09T11:08:04","slug":"lonas-cubrepiscinas","status":"publish","type":"page","link":"https:\/\/mueblesjardinyterraza.com\/index.php\/lonas-cubrepiscinas\/","title":{"rendered":"Lonas Cubre Piscinas"},"content":{"rendered":"\n<p><strong>Lonas CubrePiscinas<\/strong><\/p>\n\n\n\n<p><strong>&nbsp;TOLDOS CARRILLO Y MUEBLES, ofrece al cliente la m\u00e1s alta variedad y dise\u00f1o en la colocaci\u00f3n de lonas cobertoras, aportando Seguridad, Limpieza yAhorro, prolongando el uso y la conservaci\u00f3n de su piscina.<\/strong><\/p>\n\n\n\n<p><strong><br>Caracter\u00edsticas y tipos de lonas cobertoras: Lona de PVC, elaborada con lona plastificada por ambas caras con recubrimiento de PVC azul y negro.<\/strong><\/p>\n\n\n\n<p><strong>Impide completamente el acceso de objetos a la piscina y su interior negro y opaco no deja pasar la luz, previniendo la proliferaci\u00f3n de algas. Mediante la colocaci\u00f3n de estos cobertores, se crea una capa de aire que evita la evaporaci\u00f3n del agua y los productos qu\u00edmicos previniendo adem\u00e1s la formaci\u00f3n de hielo, con lo que se asegura la perfecta conservaci\u00f3n del vaso de la piscina. Todas las lonas se sujetan con anclajes de aluminio y tornillos de acero inoxidable que permanecen ocultos a ras de suelo cuando no se utilizan.<\/strong><\/p>\n\n\n\n<p><strong>inoxidable que permanecen ocultos a ras de suelo cuando no se utilizan<\/strong><\/p>\n","protected":false},"excerpt":{"rendered":"<p>Lonas CubrePiscinas &nbsp;TOLDOS CARRILLO Y MUEBLES, ofrece al cliente la m\u00e1s alta variedad y dise\u00f1o en la colocaci\u00f3n de lonas cobertoras, aportando Seguridad, Limpieza yAhorro, prolongando el uso y la conservaci\u00f3n de su piscina. Caracter\u00edsticas y tipos de lonas cobertoras: Lona de PVC, elaborada con lona plastificada por ambas caras con recubrimiento de PVC azul [&hellip;]<\/p>\n","protected":false},"author":2,"featured_media":0,"parent":0,"menu_order":0,"comment_status":"closed","ping_status":"closed","template":"","meta":{"footnotes":""},"class_list":["post-100","page","type-page","status-publish","hentry"],"_links":{"self":[{"href":"https:\/\/mueblesjardinyterraza.com\/index.php\/wp-json\/wp\/v2\/pages\/100","targetHints":{"allow":["GET"]}}],"collection":[{"href":"https:\/\/mueblesjardinyterraza.com\/index.php\/wp-json\/wp\/v2\/pages"}],"about":[{"href":"https:\/\/mueblesjardinyterraza.com\/index.php\/wp-json\/wp\/v2\/types\/page"}],"author":[{"embeddable":true,"href":"https:\/\/mueblesjardinyterraza.com\/index.php\/wp-json\/wp\/v2\/users\/2"}],"replies":[{"embeddable":true,"href":"https:\/\/mueblesjardinyterraza.com\/index.php\/wp-json\/wp\/v2\/comments?post=100"}],"version-history":[{"count":9,"href":"https:\/\/mueblesjardinyterraza.com\/index.php\/wp-json\/wp\/v2\/pages\/100\/revisions"}],"predecessor-version":[{"id":388,"href":"https:\/\/mueblesjardinyterraza.com\/index.php\/wp-json\/wp\/v2\/pages\/100\/revisions\/388"}],"wp:attachment":[{"href":"https:\/\/mueblesjardinyterraza.com\/index.php\/wp-json\/wp\/v2\/media?parent=100"}],"curies":[{"name":"wp","href":"https:\/\/api.w.org\/{rel}","templated":true}]}}