{"id":145,"date":"2018-07-20T17:35:02","date_gmt":"2018-07-20T17:35:02","guid":{"rendered":"http:\/\/mueblesjardinyterraza.com\/?page_id=145"},"modified":"2024-06-29T18:15:10","modified_gmt":"2024-06-29T18:15:10","slug":"inicio","status":"publish","type":"page","link":"https:\/\/mueblesjardinyterraza.com\/","title":{"rendered":"Inicio"},"content":{"rendered":"<style type=\"text\/css\">.easingslider-234 { max-width: 640px; }.easingslider-234 .easingslider-image { max-height: 500px; max-width: 640px; }.easingslider-234 .easingslider-fade-in, .easingslider-fade-out { -webkit-animation-duration: 400ms; -moz-animation-duration: 400ms; animation-duration: 400ms; }<\/style><script type=\"text\/javascript\">window.EasingSlider234 = {\"width\":640,\"height\":500,\"singleItem\":true,\"items\":1,\"itemsDesktop\":false,\"itemsDesktopSmall\":false,\"itemsTablet\":false,\"itemsTabletSmall\":false,\"itemsMobile\":false,\"responsive\":true,\"lazyLoad\":true,\"autoPlay\":4000,\"slideSpeed\":400,\"navigation\":true,\"navigationText\":[\"\",\"\"],\"pagination\":true,\"autoHeight\":false,\"mouseDrag\":false,\"touchDrag\":false,\"addClassActive\":true,\"transitionStyle\":\"fade\"};<\/script><div data-id=\"234\" class=\"easingslider easingslider-234 easingslider-container easingslider-resizing-enabled easingslider-aspect-ratio easingslider-arrows-inside easingslider-pagination-inside easingslider-pagination-bottom-center\"><div class=\"easingslider-slide\"><a href=\"https:\/\/mueblesjardinyterraza.com\/index.php\/proteccion-solar\/\" target=\"\"><img decoding=\"async\" src=\"https:\/\/mueblesjardinyterraza.com\/wp-content\/plugins\/easing-slider\/assets\/images\/placeholder-pixel.png\" data-src=\"https:\/\/mueblesjardinyterraza.com\/wp-content\/uploads\/20150708_125655-3-640x500.jpg\" alt=\"\" title=\"\" class=\"easingslider-image easingslider-lazy\" \/><\/a><\/div><div class=\"easingslider-slide\"><a href=\"https:\/\/mueblesjardinyterraza.com\/index.php\/lonas-cubrepiscinas\/\" target=\"\"><img decoding=\"async\" src=\"https:\/\/mueblesjardinyterraza.com\/wp-content\/plugins\/easing-slider\/assets\/images\/placeholder-pixel.png\" data-src=\"https:\/\/mueblesjardinyterraza.com\/wp-content\/uploads\/L-PIS-1-640x500.jpg\" alt=\"\" title=\"\" class=\"easingslider-image easingslider-lazy\" \/><\/a><\/div><div class=\"easingslider-slide\"><a href=\"https:\/\/mueblesjardinyterraza.com\/index.php\/toldos-de-camion\/\" target=\"\"><img decoding=\"async\" src=\"https:\/\/mueblesjardinyterraza.com\/wp-content\/plugins\/easing-slider\/assets\/images\/placeholder-pixel.png\" data-src=\"https:\/\/mueblesjardinyterraza.com\/wp-content\/uploads\/foto_carrillo_2-1-640x500.jpg\" alt=\"\" title=\"\" class=\"easingslider-image easingslider-lazy\" \/><\/a><\/div><div class=\"easingslider-slide\"><a href=\"https:\/\/mueblesjardinyterraza.com\/index.php\/proteccion-solar\/\" target=\"\"><img decoding=\"async\" src=\"https:\/\/mueblesjardinyterraza.com\/wp-content\/plugins\/easing-slider\/assets\/images\/placeholder-pixel.png\" data-src=\"https:\/\/mueblesjardinyterraza.com\/wp-content\/uploads\/20160219_124328-1-640x500.jpg\" alt=\"\" title=\"\" class=\"easingslider-image easingslider-lazy\" \/><\/a><\/div><div class=\"easingslider-slide\"><a href=\"https:\/\/mueblesjardinyterraza.com\/index.php\/lonas-cubrepiscinas\/\" target=\"\"><img decoding=\"async\" src=\"https:\/\/mueblesjardinyterraza.com\/wp-content\/plugins\/easing-slider\/assets\/images\/placeholder-pixel.png\" data-src=\"https:\/\/mueblesjardinyterraza.com\/wp-content\/uploads\/WhatsApp-Image-2018-07-23-at-11.11CAMI-640x500.jpg\" alt=\"\" title=\"\" class=\"easingslider-image easingslider-lazy\" \/><\/a><\/div><\/div>\n<p>&nbsp;<\/p>\n<p class=\"ListParagraphCxSpFirst\">En Toldos Carrillo disponemos de toda clase de muebles de jard\u00edn, teka, ca\u00f1a de bamb\u00fa, fibra, rattan, etc.<\/p>\n<p class=\"ListParagraphCxSpMiddle\">Ahora con GRANDES DESCUENTOS DE HASTA UN 60%.<\/p>\n<p class=\"ListParagraphCxSpMiddle\">Importantes marcas, Kettal, Grosfillex, Point, Durcap, Nardi a PRECIOS INCREIBLES.<\/p>\n<p class=\"ListParagraphCxSpMiddle\">Venga a visitar nuestra exposici\u00f3n y estaremos encantados de atenderle.<\/p>\n<p>&nbsp;<\/p>\n","protected":false},"excerpt":{"rendered":"<p>&nbsp; En Toldos Carrillo disponemos de toda clase de muebles de jard\u00edn, teka, ca\u00f1a de bamb\u00fa, fibra, rattan, etc. Ahora con GRANDES DESCUENTOS DE HASTA UN 60%. Importantes marcas, Kettal, Grosfillex, Point, Durcap, Nardi a PRECIOS INCREIBLES. Venga a visitar nuestra exposici\u00f3n y estaremos encantados de atenderle. &nbsp;<\/p>\n","protected":false},"author":2,"featured_media":0,"parent":0,"menu_order":0,"comment_status":"closed","ping_status":"closed","template":"","meta":{"footnotes":""},"class_list":["post-145","page","type-page","status-publish","hentry"],"_links":{"self":[{"href":"https:\/\/mueblesjardinyterraza.com\/index.php\/wp-json\/wp\/v2\/pages\/145","targetHints":{"allow":["GET"]}}],"collection":[{"href":"https:\/\/mueblesjardinyterraza.com\/index.php\/wp-json\/wp\/v2\/pages"}],"about":[{"href":"https:\/\/mueblesjardinyterraza.com\/index.php\/wp-json\/wp\/v2\/types\/page"}],"author":[{"embeddable":true,"href":"https:\/\/mueblesjardinyterraza.com\/index.php\/wp-json\/wp\/v2\/users\/2"}],"replies":[{"embeddable":true,"href":"https:\/\/mueblesjardinyterraza.com\/index.php\/wp-json\/wp\/v2\/comments?post=145"}],"version-history":[{"count":6,"href":"https:\/\/mueblesjardinyterraza.com\/index.php\/wp-json\/wp\/v2\/pages\/145\/revisions"}],"predecessor-version":[{"id":417,"href":"https:\/\/mueblesjardinyterraza.com\/index.php\/wp-json\/wp\/v2\/pages\/145\/revisions\/417"}],"wp:attachment":[{"href":"https:\/\/mueblesjardinyterraza.com\/index.php\/wp-json\/wp\/v2\/media?parent=145"}],"curies":[{"name":"wp","href":"https:\/\/api.w.org\/{rel}","templated":true}]}}