{"id":97,"date":"2018-07-18T18:11:27","date_gmt":"2018-07-18T18:11:27","guid":{"rendered":"http:\/\/mueblesjardinyterraza.com\/?page_id=97"},"modified":"2019-03-31T19:43:35","modified_gmt":"2019-03-31T19:43:35","slug":"proteccion-solar","status":"publish","type":"page","link":"https:\/\/mueblesjardinyterraza.com\/index.php\/proteccion-solar\/","title":{"rendered":"Protecci\u00f3n Solar"},"content":{"rendered":"<p><strong>En TOLDOS CARRILLO, disponemos de una amplia selecci\u00f3n de productos que cubren todas las necesidades del mercado: desde el toldo cl\u00e1sico para ventanas y balcones hasta el toldo de baranda tipo stor; toldos con brazos de punto recto, toldos extensibles con brazo invisible, capotas para ventanas, capotas y marquesinas para establecimientos comerciales y toldos planos de paliller\u00eda para protecci\u00f3n solar.<\/strong><\/p>\n<p><strong>Productos todos ellos de gran calidad y de dise\u00f1o muy elaborado.<br \/>\nEsta variedad de productos, puede completarse con una amplia gama de automatismos, tales como el motor el\u00e9ctrico, mando a distancia, relojes programables, c\u00e9lulas detectoras de lluvia, sol y viento, que hacen que nuestros clientes vean satisfechas sus necesidades, ganando en prestaciones y confort.<br \/>\nLas lonas (ACR\u00cdLICAS Y PL\u00c1STICOS), que TOLDOS CARRILLO utiliza en su gama de productos, han pasado por los m\u00e1s rigurosos controles de calidad, garantizando adem\u00e1s una mayor durabilidad, a\u00fan en las condiciones m\u00e1s desfavorables.<\/strong><\/p>\n<div class=\"pagwrap\">\n<div class=\"easycontainer emgclearfix\">\n<div class=\"rig\">\n<div class=\"view da-thumbs\">\n<div class=\"iehand\">\n<article class=\"da-animate da-slideFromTop\">\n<div class=\"forspan\"><\/div>\n<div><style type=\"text\/css\">.easingslider-160 { max-width: 900px; }.easingslider-160 .easingslider-image { max-height: 500px; max-width: 900px; }.easingslider-160 .easingslider-fade-in, .easingslider-fade-out { -webkit-animation-duration: 400ms; -moz-animation-duration: 400ms; animation-duration: 400ms; }<\/style><script type=\"text\/javascript\">window.EasingSlider160 = {\"width\":900,\"height\":500,\"singleItem\":true,\"items\":1,\"itemsDesktop\":false,\"itemsDesktopSmall\":false,\"itemsTablet\":false,\"itemsTabletSmall\":false,\"itemsMobile\":false,\"responsive\":true,\"lazyLoad\":true,\"autoPlay\":4000,\"slideSpeed\":400,\"navigation\":true,\"navigationText\":[\"\",\"\"],\"pagination\":true,\"autoHeight\":false,\"mouseDrag\":false,\"touchDrag\":false,\"addClassActive\":true,\"transitionStyle\":\"fade\"};<\/script><div data-id=\"160\" class=\"easingslider easingslider-160 easingslider-container easingslider-resizing-enabled easingslider-aspect-ratio easingslider-arrows-inside easingslider-pagination-inside easingslider-pagination-bottom-center\"><div class=\"easingslider-slide\"><img decoding=\"async\" src=\"https:\/\/mueblesjardinyterraza.com\/wp-content\/plugins\/easing-slider\/assets\/images\/placeholder-pixel.png\" data-src=\"https:\/\/mueblesjardinyterraza.com\/wp-content\/uploads\/WhatsApp-Image-2018-07-23-at-11.12.02-900x500.jpeg\" alt=\"\" title=\"\" class=\"easingslider-image easingslider-lazy\" \/><\/div><div class=\"easingslider-slide\"><img decoding=\"async\" src=\"https:\/\/mueblesjardinyterraza.com\/wp-content\/plugins\/easing-slider\/assets\/images\/placeholder-pixel.png\" data-src=\"https:\/\/mueblesjardinyterraza.com\/wp-content\/uploads\/20150708_125655-1-900x500.jpg\" alt=\"\" title=\"\" class=\"easingslider-image easingslider-lazy\" \/><\/div><div class=\"easingslider-slide\"><img decoding=\"async\" src=\"https:\/\/mueblesjardinyterraza.com\/wp-content\/plugins\/easing-slider\/assets\/images\/placeholder-pixel.png\" data-src=\"https:\/\/mueblesjardinyterraza.com\/wp-content\/uploads\/WhatsApp-Image-2018-07-23-at-11.11.55-900x500.jpeg\" alt=\"\" title=\"\" class=\"easingslider-image easingslider-lazy\" \/><\/div><div class=\"easingslider-slide\"><img decoding=\"async\" src=\"https:\/\/mueblesjardinyterraza.com\/wp-content\/plugins\/easing-slider\/assets\/images\/placeholder-pixel.png\" data-src=\"https:\/\/mueblesjardinyterraza.com\/wp-content\/uploads\/20160126_113753-900x500.jpg\" alt=\"\" title=\"\" class=\"easingslider-image easingslider-lazy\" \/><\/div><div class=\"easingslider-slide\"><img decoding=\"async\" src=\"https:\/\/mueblesjardinyterraza.com\/wp-content\/plugins\/easing-slider\/assets\/images\/placeholder-pixel.png\" data-src=\"https:\/\/mueblesjardinyterraza.com\/wp-content\/uploads\/20150723_103336-1-900x500.jpg\" alt=\"\" title=\"\" class=\"easingslider-image easingslider-lazy\" \/><\/div><div class=\"easingslider-slide\"><img decoding=\"async\" src=\"https:\/\/mueblesjardinyterraza.com\/wp-content\/plugins\/easing-slider\/assets\/images\/placeholder-pixel.png\" data-src=\"https:\/\/mueblesjardinyterraza.com\/wp-content\/uploads\/20150723_103400-900x500.jpg\" alt=\"\" title=\"\" class=\"easingslider-image easingslider-lazy\" \/><\/div><div class=\"easingslider-slide\"><img decoding=\"async\" src=\"https:\/\/mueblesjardinyterraza.com\/wp-content\/plugins\/easing-slider\/assets\/images\/placeholder-pixel.png\" data-src=\"https:\/\/mueblesjardinyterraza.com\/wp-content\/uploads\/20150805_175650-900x500.jpg\" alt=\"\" title=\"\" class=\"easingslider-image easingslider-lazy\" \/><\/div><div class=\"easingslider-slide\"><img decoding=\"async\" src=\"https:\/\/mueblesjardinyterraza.com\/wp-content\/plugins\/easing-slider\/assets\/images\/placeholder-pixel.png\" data-src=\"https:\/\/mueblesjardinyterraza.com\/wp-content\/uploads\/20150810_130704-900x500.jpg\" alt=\"\" title=\"\" class=\"easingslider-image easingslider-lazy\" \/><\/div><div class=\"easingslider-slide\"><img decoding=\"async\" src=\"https:\/\/mueblesjardinyterraza.com\/wp-content\/plugins\/easing-slider\/assets\/images\/placeholder-pixel.png\" data-src=\"https:\/\/mueblesjardinyterraza.com\/wp-content\/uploads\/20160219_124328-900x500.jpg\" alt=\"\" title=\"\" class=\"easingslider-image easingslider-lazy\" \/><\/div><div class=\"easingslider-slide\"><img decoding=\"async\" src=\"https:\/\/mueblesjardinyterraza.com\/wp-content\/plugins\/easing-slider\/assets\/images\/placeholder-pixel.png\" data-src=\"https:\/\/mueblesjardinyterraza.com\/wp-content\/uploads\/DSCF0284-900x500.jpg\" alt=\"\" title=\"\" class=\"easingslider-image easingslider-lazy\" \/><\/div><div class=\"easingslider-slide\"><img decoding=\"async\" src=\"https:\/\/mueblesjardinyterraza.com\/wp-content\/plugins\/easing-slider\/assets\/images\/placeholder-pixel.png\" data-src=\"https:\/\/mueblesjardinyterraza.com\/wp-content\/uploads\/DSCF0285-900x500.jpg\" alt=\"\" title=\"\" class=\"easingslider-image easingslider-lazy\" \/><\/div><div class=\"easingslider-slide\"><img decoding=\"async\" src=\"https:\/\/mueblesjardinyterraza.com\/wp-content\/plugins\/easing-slider\/assets\/images\/placeholder-pixel.png\" data-src=\"https:\/\/mueblesjardinyterraza.com\/wp-content\/uploads\/DSCF0287-900x500.jpg\" alt=\"\" title=\"\" class=\"easingslider-image easingslider-lazy\" \/><\/div><div class=\"easingslider-slide\"><img decoding=\"async\" src=\"https:\/\/mueblesjardinyterraza.com\/wp-content\/plugins\/easing-slider\/assets\/images\/placeholder-pixel.png\" data-src=\"https:\/\/mueblesjardinyterraza.com\/wp-content\/uploads\/DSCF0289-900x500.jpg\" alt=\"\" title=\"\" class=\"easingslider-image easingslider-lazy\" \/><\/div><\/div><\/div>\n<\/article>\n<\/div>\n<\/div>\n<\/div>\n<\/div>\n<\/div>\n","protected":false},"excerpt":{"rendered":"<p>En TOLDOS CARRILLO, disponemos de una amplia selecci\u00f3n de productos que cubren todas las necesidades del mercado: desde el toldo cl\u00e1sico para ventanas y balcones hasta el toldo de baranda tipo stor; toldos con brazos de punto recto, toldos extensibles con brazo invisible, capotas para ventanas, capotas y marquesinas para establecimientos comerciales y toldos planos [&hellip;]<\/p>\n","protected":false},"author":2,"featured_media":0,"parent":0,"menu_order":0,"comment_status":"closed","ping_status":"closed","template":"","meta":{"footnotes":""},"class_list":["post-97","page","type-page","status-publish","hentry"],"_links":{"self":[{"href":"https:\/\/mueblesjardinyterraza.com\/index.php\/wp-json\/wp\/v2\/pages\/97","targetHints":{"allow":["GET"]}}],"collection":[{"href":"https:\/\/mueblesjardinyterraza.com\/index.php\/wp-json\/wp\/v2\/pages"}],"about":[{"href":"https:\/\/mueblesjardinyterraza.com\/index.php\/wp-json\/wp\/v2\/types\/page"}],"author":[{"embeddable":true,"href":"https:\/\/mueblesjardinyterraza.com\/index.php\/wp-json\/wp\/v2\/users\/2"}],"replies":[{"embeddable":true,"href":"https:\/\/mueblesjardinyterraza.com\/index.php\/wp-json\/wp\/v2\/comments?post=97"}],"version-history":[{"count":8,"href":"https:\/\/mueblesjardinyterraza.com\/index.php\/wp-json\/wp\/v2\/pages\/97\/revisions"}],"predecessor-version":[{"id":313,"href":"https:\/\/mueblesjardinyterraza.com\/index.php\/wp-json\/wp\/v2\/pages\/97\/revisions\/313"}],"wp:attachment":[{"href":"https:\/\/mueblesjardinyterraza.com\/index.php\/wp-json\/wp\/v2\/media?parent=97"}],"curies":[{"name":"wp","href":"https:\/\/api.w.org\/{rel}","templated":true}]}}